{"id":2067,"date":"2016-04-07T07:42:39","date_gmt":"2016-04-07T07:42:39","guid":{"rendered":"http:\/\/motors.stylemixthemes.com\/demo\/\/?page_id=2067"},"modified":"2020-10-21T01:10:22","modified_gmt":"2020-10-21T01:10:22","slug":"about-us","status":"publish","type":"page","link":"https:\/\/paisanoautos.com\/en\/paisano-autos\/about-us\/","title":{"rendered":"About Us"},"content":{"rendered":"<div data-elementor-type=\"wp-page\" data-elementor-id=\"2067\" class=\"elementor elementor-2067\" data-elementor-post-type=\"page\">\n\t\t\t\t\t\t<section class=\"elementor-section elementor-top-section elementor-element elementor-element-75ab6a66 elementor-section-boxed elementor-section-height-default elementor-section-height-default\" data-id=\"75ab6a66\" data-element_type=\"section\" data-e-type=\"section\">\n\t\t\t\t\t\t<div class=\"elementor-container elementor-column-gap-default\">\n\t\t\t\t\t<div class=\"elementor-column elementor-col-100 elementor-top-column elementor-element elementor-element-75740ca5\" data-id=\"75740ca5\" data-element_type=\"column\" data-e-type=\"column\">\n\t\t\t<div class=\"elementor-widget-wrap elementor-element-populated\">\n\t\t\t\t\t\t<div class=\"elementor-element elementor-element-ac409c2 elementor-widget elementor-widget-heading\" data-id=\"ac409c2\" data-element_type=\"widget\" data-e-type=\"widget\" data-widget_type=\"heading.default\">\n\t\t\t\t<div class=\"elementor-widget-container\">\n\t\t\t\t\t<h2 class=\"elementor-heading-title elementor-size-default\">About Us <\/h2>\t\t\t\t<\/div>\n\t\t\t\t<\/div>\n\t\t\t\t<div class=\"elementor-element elementor-element-47ea500e elementor-widget elementor-widget-text-editor\" data-id=\"47ea500e\" data-element_type=\"widget\" data-e-type=\"widget\" data-widget_type=\"text-editor.default\">\n\t\t\t\t<div class=\"elementor-widget-container\">\n\t\t\t\t\t\t\t\t\t<p><span style=\"font-size: 1rem;\">Paisano is a family owned business that has been in the Buy Here Pay Here industry for more than 15 years in Dallas Fort Worth. We are committed to serving the community and recognize the role we take part in each families needs. Paisano strives to establish and build positive relationships with all customers and recognizes the trust it is given by them.<\/span><\/p><p>\"You Take Care of Your Payments, We Will Take Care of Your Car\"<\/p><p>Nuestra garantia de 18 meses \/ 18 K millas le garantiza la protecci\u00f3n que su auto necesita. La garant\u00eda limitada es prove\u00edda por un tercero y cubre motor, transmisi\u00f3n, diferencial, A\/C, alternador, catalizadores, y muchas cosas mas por 18 meses o 18 K millas, lo que ocurra primero.\u00a0esta dedicado a servirte y ayudarte a encontrar el carro que necesitas tu y tu familia!<\/p>\t\t\t\t\t\t\t\t<\/div>\n\t\t\t\t<\/div>\n\t\t\t\t<div class=\"elementor-element elementor-element-80a0618 elementor-widget elementor-widget-spacer\" data-id=\"80a0618\" data-element_type=\"widget\" data-e-type=\"widget\" data-widget_type=\"spacer.default\">\n\t\t\t\t<div class=\"elementor-widget-container\">\n\t\t\t\t\t\t\t<div class=\"elementor-spacer\">\n\t\t\t<div class=\"elementor-spacer-inner\"><\/div>\n\t\t<\/div>\n\t\t\t\t\t\t<\/div>\n\t\t\t\t<\/div>\n\t\t\t\t<div class=\"elementor-element elementor-element-945ea4e elementor-widget elementor-widget-heading\" data-id=\"945ea4e\" data-element_type=\"widget\" data-e-type=\"widget\" data-widget_type=\"heading.default\">\n\t\t\t\t<div class=\"elementor-widget-container\">\n\t\t\t\t\t<h2 class=\"elementor-heading-title elementor-size-default\">The Paisano Team<\/h2>\t\t\t\t<\/div>\n\t\t\t\t<\/div>\n\t\t\t\t<div class=\"elementor-element elementor-element-4e8215b elementor-widget elementor-widget-text-editor\" data-id=\"4e8215b\" data-element_type=\"widget\" data-e-type=\"widget\" data-widget_type=\"text-editor.default\">\n\t\t\t\t<div class=\"elementor-widget-container\">\n\t\t\t\t\t\t\t\t\t<p>Luis - General Manager<\/p><p>Raul - Assistant GM<\/p><p>Juan - Office Manager<\/p><p>Silvia - Office Assistant<\/p><p>Jonathan - Sales<\/p><p>Cristina - Online Sales<\/p><p>Raul -\u00a0<span style=\"font-size: 17px; font-style: normal;\">Customer Service Representative<\/span><\/p><p>Mario - <span style=\"font-size: 17px; font-style: normal;\">Customer Service Representative<\/span><\/p><p>Omar - Detail<\/p><p>Jaime - Detail<\/p>\t\t\t\t\t\t\t\t<\/div>\n\t\t\t\t<\/div>\n\t\t\t\t<div class=\"elementor-element elementor-element-e1e0ff2 elementor-widget elementor-widget-spacer\" data-id=\"e1e0ff2\" data-element_type=\"widget\" data-e-type=\"widget\" data-widget_type=\"spacer.default\">\n\t\t\t\t<div class=\"elementor-widget-container\">\n\t\t\t\t\t\t\t<div class=\"elementor-spacer\">\n\t\t\t<div class=\"elementor-spacer-inner\"><\/div>\n\t\t<\/div>\n\t\t\t\t\t\t<\/div>\n\t\t\t\t<\/div>\n\t\t\t\t<div class=\"elementor-element elementor-element-f814af3 elementor-widget elementor-widget-heading\" data-id=\"f814af3\" data-element_type=\"widget\" data-e-type=\"widget\" data-widget_type=\"heading.default\">\n\t\t\t\t<div class=\"elementor-widget-container\">\n\t\t\t\t\t<h2 class=\"elementor-heading-title elementor-size-default\">Join Our Team!<\/h2>\t\t\t\t<\/div>\n\t\t\t\t<\/div>\n\t\t\t\t<div class=\"elementor-element elementor-element-61cacc2 elementor-widget elementor-widget-text-editor\" data-id=\"61cacc2\" data-element_type=\"widget\" data-e-type=\"widget\" data-widget_type=\"text-editor.default\">\n\t\t\t\t<div class=\"elementor-widget-container\">\n\t\t\t\t\t\t\t\t\t<p>We are now accepting application to join our fantastic team. Enjoy a competitive working environment with excellent opportunities. Start your application today. We look forward to speaking with you!<\/p><p><a style=\"font-size: 17px; font-style: normal;\" role=\"button\" href=\"https:\/\/paisanoautos.com\/en\/contact-us\/\" target=\"_self\" rel=\"noopener noreferrer\">Join our team!<\/a><\/p>\t\t\t\t\t\t\t\t<\/div>\n\t\t\t\t<\/div>\n\t\t\t\t\t<\/div>\n\t\t<\/div>\n\t\t\t\t\t<\/div>\n\t\t<\/section>\n\t\t\t\t<\/div>","protected":false},"excerpt":{"rendered":"<p>Con\u00f3cenos Paisano es un negocio familiar con financiamiento en casa con mas de 15 a\u00f1os en el area de DFW. Estamos comprometidos en servir a nuestra comunidad y reconocemos el rol tan importante que tenemos en brindarle un veh\u00edculo bueno, bonito, y barato. Nos esforzamos en establecer una relaci\u00f3n de por vida con nuestros clientes [&hellip;]<\/p>\n","protected":false},"author":15,"featured_media":0,"parent":3202,"menu_order":0,"comment_status":"closed","ping_status":"closed","template":"","meta":{"om_disable_all_campaigns":false,"site-sidebar-layout":"default","site-content-layout":"default","ast-site-content-layout":"default","site-content-style":"default","site-sidebar-style":"default","ast-global-header-display":"","ast-banner-title-visibility":"","ast-main-header-display":"","ast-hfb-above-header-display":"","ast-hfb-below-header-display":"","ast-hfb-mobile-header-display":"","site-post-title":"disabled","ast-breadcrumbs-content":"","ast-featured-img":"","footer-sml-layout":"","ast-disable-related-posts":"","theme-transparent-header-meta":"default","adv-header-id-meta":"","stick-header-meta":"","header-above-stick-meta":"","header-main-stick-meta":"","header-below-stick-meta":"","astra-migrate-meta-layouts":"default","ast-page-background-enabled":"default","ast-page-background-meta":{"desktop":{"background-color":"","background-image":"","background-repeat":"repeat","background-position":"center center","background-size":"auto","background-attachment":"scroll","background-type":"","background-media":"","overlay-type":"","overlay-color":"","overlay-opacity":"","overlay-gradient":""},"tablet":{"background-color":"","background-image":"","background-repeat":"repeat","background-position":"center center","background-size":"auto","background-attachment":"scroll","background-type":"","background-media":"","overlay-type":"","overlay-color":"","overlay-opacity":"","overlay-gradient":""},"mobile":{"background-color":"","background-image":"","background-repeat":"repeat","background-position":"center center","background-size":"auto","background-attachment":"scroll","background-type":"","background-media":"","overlay-type":"","overlay-color":"","overlay-opacity":"","overlay-gradient":""}},"ast-content-background-meta":{"desktop":{"background-color":"var(--ast-global-color-5)","background-image":"","background-repeat":"repeat","background-position":"center center","background-size":"auto","background-attachment":"scroll","background-type":"","background-media":"","overlay-type":"","overlay-color":"","overlay-opacity":"","overlay-gradient":""},"tablet":{"background-color":"var(--ast-global-color-5)","background-image":"","background-repeat":"repeat","background-position":"center center","background-size":"auto","background-attachment":"scroll","background-type":"","background-media":"","overlay-type":"","overlay-color":"","overlay-opacity":"","overlay-gradient":""},"mobile":{"background-color":"var(--ast-global-color-5)","background-image":"","background-repeat":"repeat","background-position":"center center","background-size":"auto","background-attachment":"scroll","background-type":"","background-media":"","overlay-type":"","overlay-color":"","overlay-opacity":"","overlay-gradient":""}},"footnotes":""},"class_list":["post-2067","page","type-page","status-publish","hentry"],"yoast_head":"<!-- This site is optimized with the Yoast SEO Premium plugin v27.4 (Yoast SEO v27.4) - https:\/\/yoast.com\/product\/yoast-seo-premium-wordpress\/ -->\n<title>About Paisano Cars, Trucks, and SUVs<\/title>\n<meta name=\"description\" content=\"We are a family owned business with 15+ years in the Buy-Here-Pay-Here industry. \u201cYou Take Care of Your Payments, We Will Take Care of Your Car\u201d\" \/>\n<meta name=\"robots\" content=\"index, follow, max-snippet:-1, max-image-preview:large, max-video-preview:-1\" \/>\n<link rel=\"canonical\" href=\"https:\/\/paisanoautos.com\/en\/paisano-autos\/about-us\/\" \/>\n<meta property=\"og:locale\" content=\"en_US\" \/>\n<meta property=\"og:type\" content=\"article\" \/>\n<meta property=\"og:title\" content=\"About Us\" \/>\n<meta property=\"og:description\" content=\"We are a family owned business with 15+ years in the Buy-Here-Pay-Here industry. \u201cYou Take Care of Your Payments, We Will Take Care of Your Car\u201d\" \/>\n<meta property=\"og:url\" content=\"https:\/\/paisanoautos.com\/en\/paisano-autos\/about-us\/\" \/>\n<meta property=\"og:site_name\" content=\"Paisano Autos\" \/>\n<meta property=\"article:publisher\" content=\"https:\/\/www.facebook.com\/paisano.autos\/\" \/>\n<meta property=\"article:modified_time\" content=\"2020-10-21T01:10:22+00:00\" \/>\n<meta name=\"twitter:card\" content=\"summary_large_image\" \/>\n<meta name=\"twitter:label1\" content=\"Est. reading time\" \/>\n\t<meta name=\"twitter:data1\" content=\"1 minute\" \/>\n<script type=\"application\/ld+json\" class=\"yoast-schema-graph\">{\"@context\":\"https:\\\/\\\/schema.org\",\"@graph\":[{\"@type\":\"WebPage\",\"@id\":\"https:\\\/\\\/paisanoautos.com\\\/en\\\/paisano-autos\\\/about-us\\\/\",\"url\":\"https:\\\/\\\/paisanoautos.com\\\/en\\\/paisano-autos\\\/about-us\\\/\",\"name\":\"About Paisano Cars, Trucks, and SUVs\",\"isPartOf\":{\"@id\":\"https:\\\/\\\/paisanoautos.com\\\/en\\\/#website\"},\"datePublished\":\"2016-04-07T07:42:39+00:00\",\"dateModified\":\"2020-10-21T01:10:22+00:00\",\"description\":\"We are a family owned business with 15+ years in the Buy-Here-Pay-Here industry. \u201cYou Take Care of Your Payments, We Will Take Care of Your Car\u201d\",\"breadcrumb\":{\"@id\":\"https:\\\/\\\/paisanoautos.com\\\/en\\\/paisano-autos\\\/about-us\\\/#breadcrumb\"},\"inLanguage\":\"en-US\",\"potentialAction\":[{\"@type\":\"ReadAction\",\"target\":[\"https:\\\/\\\/paisanoautos.com\\\/en\\\/paisano-autos\\\/about-us\\\/\"]}]},{\"@type\":\"BreadcrumbList\",\"@id\":\"https:\\\/\\\/paisanoautos.com\\\/en\\\/paisano-autos\\\/about-us\\\/#breadcrumb\",\"itemListElement\":[{\"@type\":\"ListItem\",\"position\":1,\"name\":\"Home\",\"item\":\"https:\\\/\\\/paisanoautos.com\\\/\"},{\"@type\":\"ListItem\",\"position\":2,\"name\":\"Paisano Autos\",\"item\":\"https:\\\/\\\/paisanoautos.com\\\/\"},{\"@type\":\"ListItem\",\"position\":3,\"name\":\"About Us\"}]},{\"@type\":\"WebSite\",\"@id\":\"https:\\\/\\\/paisanoautos.com\\\/en\\\/#website\",\"url\":\"https:\\\/\\\/paisanoautos.com\\\/en\\\/\",\"name\":\"Paisano Autos\",\"description\":\"Used Cars, Trucks, and SUVs\",\"publisher\":{\"@id\":\"https:\\\/\\\/paisanoautos.com\\\/en\\\/#organization\"},\"potentialAction\":[{\"@type\":\"SearchAction\",\"target\":{\"@type\":\"EntryPoint\",\"urlTemplate\":\"https:\\\/\\\/paisanoautos.com\\\/en\\\/?s={search_term_string}\"},\"query-input\":{\"@type\":\"PropertyValueSpecification\",\"valueRequired\":true,\"valueName\":\"search_term_string\"}}],\"inLanguage\":\"en-US\"},{\"@type\":\"Organization\",\"@id\":\"https:\\\/\\\/paisanoautos.com\\\/en\\\/#organization\",\"name\":\"Paisano Cars, Trucks, and SUVs\",\"url\":\"https:\\\/\\\/paisanoautos.com\\\/en\\\/\",\"logo\":{\"@type\":\"ImageObject\",\"inLanguage\":\"en-US\",\"@id\":\"https:\\\/\\\/paisanoautos.com\\\/en\\\/#\\\/schema\\\/logo\\\/image\\\/\",\"url\":\"https:\\\/\\\/secureservercdn.net\\\/198.71.233.25\\\/ab1.cdb.myftpupload.com\\\/wp-content\\\/uploads\\\/2019\\\/10\\\/logo-2.jpg?time=1625091634\",\"contentUrl\":\"https:\\\/\\\/secureservercdn.net\\\/198.71.233.25\\\/ab1.cdb.myftpupload.com\\\/wp-content\\\/uploads\\\/2019\\\/10\\\/logo-2.jpg?time=1625091634\",\"width\":1200,\"height\":700,\"caption\":\"Paisano Cars, Trucks, and SUVs\"},\"image\":{\"@id\":\"https:\\\/\\\/paisanoautos.com\\\/en\\\/#\\\/schema\\\/logo\\\/image\\\/\"},\"sameAs\":[\"https:\\\/\\\/www.facebook.com\\\/paisano.autos\\\/\"]}]}<\/script>\n<!-- \/ Yoast SEO Premium plugin. -->","yoast_head_json":{"title":"About Paisano Cars, Trucks, and SUVs","description":"We are a family owned business with 15+ years in the Buy-Here-Pay-Here industry. \u201cYou Take Care of Your Payments, We Will Take Care of Your Car\u201d","robots":{"index":"index","follow":"follow","max-snippet":"max-snippet:-1","max-image-preview":"max-image-preview:large","max-video-preview":"max-video-preview:-1"},"canonical":"https:\/\/paisanoautos.com\/en\/paisano-autos\/about-us\/","og_locale":"en_US","og_type":"article","og_title":"About Us","og_description":"We are a family owned business with 15+ years in the Buy-Here-Pay-Here industry. \u201cYou Take Care of Your Payments, We Will Take Care of Your Car\u201d","og_url":"https:\/\/paisanoautos.com\/en\/paisano-autos\/about-us\/","og_site_name":"Paisano Autos","article_publisher":"https:\/\/www.facebook.com\/paisano.autos\/","article_modified_time":"2020-10-21T01:10:22+00:00","twitter_card":"summary_large_image","twitter_misc":{"Est. reading time":"1 minute"},"schema":{"@context":"https:\/\/schema.org","@graph":[{"@type":"WebPage","@id":"https:\/\/paisanoautos.com\/en\/paisano-autos\/about-us\/","url":"https:\/\/paisanoautos.com\/en\/paisano-autos\/about-us\/","name":"About Paisano Cars, Trucks, and SUVs","isPartOf":{"@id":"https:\/\/paisanoautos.com\/en\/#website"},"datePublished":"2016-04-07T07:42:39+00:00","dateModified":"2020-10-21T01:10:22+00:00","description":"We are a family owned business with 15+ years in the Buy-Here-Pay-Here industry. \u201cYou Take Care of Your Payments, We Will Take Care of Your Car\u201d","breadcrumb":{"@id":"https:\/\/paisanoautos.com\/en\/paisano-autos\/about-us\/#breadcrumb"},"inLanguage":"en-US","potentialAction":[{"@type":"ReadAction","target":["https:\/\/paisanoautos.com\/en\/paisano-autos\/about-us\/"]}]},{"@type":"BreadcrumbList","@id":"https:\/\/paisanoautos.com\/en\/paisano-autos\/about-us\/#breadcrumb","itemListElement":[{"@type":"ListItem","position":1,"name":"Home","item":"https:\/\/paisanoautos.com\/"},{"@type":"ListItem","position":2,"name":"Paisano Autos","item":"https:\/\/paisanoautos.com\/"},{"@type":"ListItem","position":3,"name":"About Us"}]},{"@type":"WebSite","@id":"https:\/\/paisanoautos.com\/en\/#website","url":"https:\/\/paisanoautos.com\/en\/","name":"Paisano Autos","description":"Used Cars, Trucks, and SUVs","publisher":{"@id":"https:\/\/paisanoautos.com\/en\/#organization"},"potentialAction":[{"@type":"SearchAction","target":{"@type":"EntryPoint","urlTemplate":"https:\/\/paisanoautos.com\/en\/?s={search_term_string}"},"query-input":{"@type":"PropertyValueSpecification","valueRequired":true,"valueName":"search_term_string"}}],"inLanguage":"en-US"},{"@type":"Organization","@id":"https:\/\/paisanoautos.com\/en\/#organization","name":"Paisano Cars, Trucks, and SUVs","url":"https:\/\/paisanoautos.com\/en\/","logo":{"@type":"ImageObject","inLanguage":"en-US","@id":"https:\/\/paisanoautos.com\/en\/#\/schema\/logo\/image\/","url":"https:\/\/secureservercdn.net\/198.71.233.25\/ab1.cdb.myftpupload.com\/wp-content\/uploads\/2019\/10\/logo-2.jpg?time=1625091634","contentUrl":"https:\/\/secureservercdn.net\/198.71.233.25\/ab1.cdb.myftpupload.com\/wp-content\/uploads\/2019\/10\/logo-2.jpg?time=1625091634","width":1200,"height":700,"caption":"Paisano Cars, Trucks, and SUVs"},"image":{"@id":"https:\/\/paisanoautos.com\/en\/#\/schema\/logo\/image\/"},"sameAs":["https:\/\/www.facebook.com\/paisano.autos\/"]}]}},"_links":{"self":[{"href":"https:\/\/paisanoautos.com\/en\/wp-json\/wp\/v2\/pages\/2067","targetHints":{"allow":["GET"]}}],"collection":[{"href":"https:\/\/paisanoautos.com\/en\/wp-json\/wp\/v2\/pages"}],"about":[{"href":"https:\/\/paisanoautos.com\/en\/wp-json\/wp\/v2\/types\/page"}],"author":[{"embeddable":true,"href":"https:\/\/paisanoautos.com\/en\/wp-json\/wp\/v2\/users\/15"}],"replies":[{"embeddable":true,"href":"https:\/\/paisanoautos.com\/en\/wp-json\/wp\/v2\/comments?post=2067"}],"version-history":[{"count":5,"href":"https:\/\/paisanoautos.com\/en\/wp-json\/wp\/v2\/pages\/2067\/revisions"}],"predecessor-version":[{"id":3979,"href":"https:\/\/paisanoautos.com\/en\/wp-json\/wp\/v2\/pages\/2067\/revisions\/3979"}],"up":[{"embeddable":true,"href":"https:\/\/paisanoautos.com\/en\/wp-json\/wp\/v2\/pages\/3202"}],"wp:attachment":[{"href":"https:\/\/paisanoautos.com\/en\/wp-json\/wp\/v2\/media?parent=2067"}],"curies":[{"name":"wp","href":"https:\/\/api.w.org\/{rel}","templated":true}]}}